{"id":568,"date":"2021-03-04T18:55:14","date_gmt":"2021-03-04T18:55:14","guid":{"rendered":"https:\/\/gehringer-tiefbau.de\/start\/?page_id=568"},"modified":"2025-03-31T06:14:47","modified_gmt":"2025-03-31T06:14:47","slug":"karriere","status":"publish","type":"page","link":"https:\/\/gehringer-tiefbau.de\/start\/karriere\/","title":{"rendered":"Karriere"},"content":{"rendered":"\t\t<div data-elementor-type=\"wp-page\" data-elementor-id=\"568\" class=\"elementor elementor-568\">\n\t\t\t\t\t\t<section class=\"elementor-section elementor-top-section elementor-element elementor-element-d8f0d99 elementor-section-boxed elementor-section-height-default elementor-section-height-default jltma-glass-effect-no\" data-id=\"d8f0d99\" data-element_type=\"section\" data-e-type=\"section\">\n\t\t\t\t\t\t<div class=\"elementor-container elementor-column-gap-default\">\n\t\t\t\t\t<div class=\"elementor-column elementor-col-100 elementor-top-column elementor-element elementor-element-52ae555 jltma-glass-effect-no\" data-id=\"52ae555\" data-element_type=\"column\" data-e-type=\"column\">\n\t\t\t<div class=\"elementor-widget-wrap\">\n\t\t\t\t\t\t\t<\/div>\n\t\t<\/div>\n\t\t\t\t\t<\/div>\n\t\t<\/section>\n\t\t\t\t<section class=\"elementor-section elementor-top-section elementor-element elementor-element-f80bb95 elementor-section-boxed elementor-section-height-default elementor-section-height-default jltma-glass-effect-no\" data-id=\"f80bb95\" data-element_type=\"section\" data-e-type=\"section\">\n\t\t\t\t\t\t<div class=\"elementor-container elementor-column-gap-default\">\n\t\t\t\t\t<div class=\"elementor-column elementor-col-100 elementor-top-column elementor-element elementor-element-299837a jltma-glass-effect-no\" data-id=\"299837a\" data-element_type=\"column\" data-e-type=\"column\">\n\t\t\t<div class=\"elementor-widget-wrap elementor-element-populated\">\n\t\t\t\t\t\t<div class=\"elementor-element elementor-element-c3ae5a2 jltma-glass-effect-no elementor-widget elementor-widget-animated-headline\" data-id=\"c3ae5a2\" data-element_type=\"widget\" data-e-type=\"widget\" data-widget_type=\"animated-headline.default\">\n\t\t\t\t<div class=\"elementor-widget-container\">\n\t\t\t\t\t \t\t\t\t<\/div>\n\t\t\t\t<\/div>\n\t\t\t\t\t<\/div>\n\t\t<\/div>\n\t\t\t\t\t<\/div>\n\t\t<\/section>\n\t\t\t\t<section class=\"elementor-section elementor-top-section elementor-element elementor-element-d2f826f elementor-section-boxed elementor-section-height-default elementor-section-height-default jltma-glass-effect-no\" data-id=\"d2f826f\" data-element_type=\"section\" data-e-type=\"section\">\n\t\t\t\t\t\t<div class=\"elementor-container elementor-column-gap-default\">\n\t\t\t\t\t<div class=\"elementor-column elementor-col-50 elementor-top-column elementor-element elementor-element-75fea99 jltma-glass-effect-no\" data-id=\"75fea99\" data-element_type=\"column\" data-e-type=\"column\">\n\t\t\t<div class=\"elementor-widget-wrap elementor-element-populated\">\n\t\t\t\t\t\t<div class=\"elementor-element elementor-element-de2e885 jltma-glass-effect-no elementor-widget elementor-widget-image\" data-id=\"de2e885\" data-element_type=\"widget\" data-e-type=\"widget\" data-widget_type=\"image.default\">\n\t\t\t\t<div class=\"elementor-widget-container\">\n\t\t\t\t\t\t\t\t\t\t\t\t\t\t\t<img fetchpriority=\"high\" decoding=\"async\" width=\"1024\" height=\"599\" src=\"https:\/\/gehringer-tiefbau.de\/start\/wp-content\/uploads\/2025\/03\/LKW-Fahrer_1-1024x599.jpg\" class=\"attachment-large size-large wp-image-2180\" alt=\"\" srcset=\"https:\/\/gehringer-tiefbau.de\/start\/wp-content\/uploads\/2025\/03\/LKW-Fahrer_1-1024x599.jpg 1024w, https:\/\/gehringer-tiefbau.de\/start\/wp-content\/uploads\/2025\/03\/LKW-Fahrer_1-300x175.jpg 300w, https:\/\/gehringer-tiefbau.de\/start\/wp-content\/uploads\/2025\/03\/LKW-Fahrer_1-768x449.jpg 768w, https:\/\/gehringer-tiefbau.de\/start\/wp-content\/uploads\/2025\/03\/LKW-Fahrer_1-1536x898.jpg 1536w, https:\/\/gehringer-tiefbau.de\/start\/wp-content\/uploads\/2025\/03\/LKW-Fahrer_1-2048x1198.jpg 2048w, https:\/\/gehringer-tiefbau.de\/start\/wp-content\/uploads\/2025\/03\/LKW-Fahrer_1-1320x772.jpg 1320w\" sizes=\"(max-width: 1024px) 100vw, 1024px\" \/>\t\t\t\t\t\t\t\t\t\t\t\t\t\t\t<\/div>\n\t\t\t\t<\/div>\n\t\t\t\t<div class=\"elementor-element elementor-element-8b5d4e5 jltma-glass-effect-no elementor-widget elementor-widget-text-editor\" data-id=\"8b5d4e5\" data-element_type=\"widget\" data-e-type=\"widget\" data-widget_type=\"text-editor.default\">\n\t\t\t\t<div class=\"elementor-widget-container\">\n\t\t\t\t\t\t\t\t\t<p><span style=\"font-style: inherit; font-weight: inherit;\">Wir sind ein solider Arbeitgeber mit langj\u00e4hrigen Mitarbeitern. Wir bieten Ihnen ein gutes Arbeitsumfeld in einem motivierten Team mit leistungsgerechter Bezahlung.<\/span><\/p><p>Durch Ihre Kontaktaufnahme erkl\u00e4ren Sie sich mit unserer <a href=\"https:\/\/www.gehringer-tiefbau.de\/home\/datenschutz\">\u00a0Datenschutzerkl\u00e4rung<\/a>\u00a0einverstanden. Wir verwenden Ihre Daten ausschlie\u00dflich f\u00fcr die von Ihnen gew\u00fcnschte Kontaktaufnahme, nie zu Werbezwecken. Ein Widerspruch ist jederzeit m\u00f6glich; weitere Details finden Sie in unserer\u00a0<a href=\"https:\/\/www.gehringer-tiefbau.de\/home\/datenschutz\">Datenschutzerkl\u00e4rung<\/a>.<\/p>\t\t\t\t\t\t\t\t<\/div>\n\t\t\t\t<\/div>\n\t\t\t\t\t<\/div>\n\t\t<\/div>\n\t\t\t\t<div class=\"elementor-column elementor-col-50 elementor-top-column elementor-element elementor-element-30ed379 jltma-glass-effect-no\" data-id=\"30ed379\" data-element_type=\"column\" data-e-type=\"column\">\n\t\t\t<div class=\"elementor-widget-wrap elementor-element-populated\">\n\t\t\t\t\t\t<div class=\"elementor-element elementor-element-6f639f2 jltma-glass-effect-no elementor-widget elementor-widget-image\" data-id=\"6f639f2\" data-element_type=\"widget\" data-e-type=\"widget\" data-widget_type=\"image.default\">\n\t\t\t\t<div class=\"elementor-widget-container\">\n\t\t\t\t\t\t\t\t\t\t\t\t\t\t\t<img decoding=\"async\" width=\"1024\" height=\"599\" src=\"https:\/\/gehringer-tiefbau.de\/start\/wp-content\/uploads\/2021\/08\/Bauabrechner-1024x599.jpg\" class=\"attachment-large size-large wp-image-1160\" alt=\"\" srcset=\"https:\/\/gehringer-tiefbau.de\/start\/wp-content\/uploads\/2021\/08\/Bauabrechner-1024x599.jpg 1024w, https:\/\/gehringer-tiefbau.de\/start\/wp-content\/uploads\/2021\/08\/Bauabrechner-300x175.jpg 300w, https:\/\/gehringer-tiefbau.de\/start\/wp-content\/uploads\/2021\/08\/Bauabrechner-768x449.jpg 768w, https:\/\/gehringer-tiefbau.de\/start\/wp-content\/uploads\/2021\/08\/Bauabrechner-1536x898.jpg 1536w, https:\/\/gehringer-tiefbau.de\/start\/wp-content\/uploads\/2021\/08\/Bauabrechner-2048x1198.jpg 2048w, https:\/\/gehringer-tiefbau.de\/start\/wp-content\/uploads\/2021\/08\/Bauabrechner-1320x772.jpg 1320w\" sizes=\"(max-width: 1024px) 100vw, 1024px\" \/>\t\t\t\t\t\t\t\t\t\t\t\t\t\t\t<\/div>\n\t\t\t\t<\/div>\n\t\t\t\t<div class=\"elementor-element elementor-element-0e9cfb6 jltma-glass-effect-no elementor-widget elementor-widget-text-editor\" data-id=\"0e9cfb6\" data-element_type=\"widget\" data-e-type=\"widget\" data-widget_type=\"text-editor.default\">\n\t\t\t\t<div class=\"elementor-widget-container\">\n\t\t\t\t\t\t\t\t\t<p>\u00a0<\/p><p><b style=\"font-style: inherit;\"><u>Ihr Kontakt f\u00fcr eine Initiativbewerbung:<\/u><\/b><\/p><p>Karl Gehringer GmbH<br \/>Langackerweg 32<br \/>79790 K\u00fcssaberg<br \/>oder via E-Mail an: <a href=\"mailto:info@gehringer-tiefbau.de\">info@gehringer-tiefbau.de<\/a><\/p>\t\t\t\t\t\t\t\t<\/div>\n\t\t\t\t<\/div>\n\t\t\t\t\t<\/div>\n\t\t<\/div>\n\t\t\t\t\t<\/div>\n\t\t<\/section>\n\t\t\t\t<\/div>\n\t\t","protected":false},"excerpt":{"rendered":"<p>Wir sind ein solider Arbeitgeber mit langj\u00e4hrigen Mitarbeitern. Wir bieten Ihnen ein gutes Arbeitsumfeld in einem motivierten Team mit leistungsgerechter Bezahlung. Durch Ihre Kontaktaufnahme erkl\u00e4ren Sie sich mit unserer \u00a0Datenschutzerkl\u00e4rung\u00a0einverstanden. Wir verwenden Ihre Daten ausschlie\u00dflich f\u00fcr die von Ihnen gew\u00fcnschte Kontaktaufnahme, nie zu Werbezwecken. Ein Widerspruch ist jederzeit m\u00f6glich; weitere Details finden Sie in unserer\u00a0Datenschutzerkl\u00e4rung. [&hellip;]<\/p>\n","protected":false},"author":4,"featured_media":0,"parent":0,"menu_order":0,"comment_status":"closed","ping_status":"closed","template":"","meta":{"site-sidebar-layout":"no-sidebar","site-content-layout":"page-builder","ast-site-content-layout":"default","site-content-style":"default","site-sidebar-style":"default","ast-global-header-display":"","ast-banner-title-visibility":"","ast-main-header-display":"","ast-hfb-above-header-display":"","ast-hfb-below-header-display":"","ast-hfb-mobile-header-display":"","site-post-title":"disabled","ast-breadcrumbs-content":"","ast-featured-img":"disabled","footer-sml-layout":"","ast-disable-related-posts":"","theme-transparent-header-meta":"default","adv-header-id-meta":"","stick-header-meta":"","header-above-stick-meta":"","header-main-stick-meta":"","header-below-stick-meta":"","astra-migrate-meta-layouts":"default","ast-page-background-enabled":"default","ast-page-background-meta":{"desktop":{"background-color":"","background-image":"","background-repeat":"repeat","background-position":"center center","background-size":"auto","background-attachment":"scroll","background-type":"","background-media":"","overlay-type":"","overlay-color":"","overlay-opacity":"","overlay-gradient":""},"tablet":{"background-color":"","background-image":"","background-repeat":"repeat","background-position":"center center","background-size":"auto","background-attachment":"scroll","background-type":"","background-media":"","overlay-type":"","overlay-color":"","overlay-opacity":"","overlay-gradient":""},"mobile":{"background-color":"","background-image":"","background-repeat":"repeat","background-position":"center center","background-size":"auto","background-attachment":"scroll","background-type":"","background-media":"","overlay-type":"","overlay-color":"","overlay-opacity":"","overlay-gradient":""}},"ast-content-background-meta":{"desktop":{"background-color":"var(--ast-global-color-5)","background-image":"","background-repeat":"repeat","background-position":"center center","background-size":"auto","background-attachment":"scroll","background-type":"","background-media":"","overlay-type":"","overlay-color":"","overlay-opacity":"","overlay-gradient":""},"tablet":{"background-color":"var(--ast-global-color-5)","background-image":"","background-repeat":"repeat","background-position":"center center","background-size":"auto","background-attachment":"scroll","background-type":"","background-media":"","overlay-type":"","overlay-color":"","overlay-opacity":"","overlay-gradient":""},"mobile":{"background-color":"var(--ast-global-color-5)","background-image":"","background-repeat":"repeat","background-position":"center center","background-size":"auto","background-attachment":"scroll","background-type":"","background-media":"","overlay-type":"","overlay-color":"","overlay-opacity":"","overlay-gradient":""}},"footnotes":""},"class_list":["post-568","page","type-page","status-publish","hentry"],"_links":{"self":[{"href":"https:\/\/gehringer-tiefbau.de\/start\/wp-json\/wp\/v2\/pages\/568","targetHints":{"allow":["GET"]}}],"collection":[{"href":"https:\/\/gehringer-tiefbau.de\/start\/wp-json\/wp\/v2\/pages"}],"about":[{"href":"https:\/\/gehringer-tiefbau.de\/start\/wp-json\/wp\/v2\/types\/page"}],"author":[{"embeddable":true,"href":"https:\/\/gehringer-tiefbau.de\/start\/wp-json\/wp\/v2\/users\/4"}],"replies":[{"embeddable":true,"href":"https:\/\/gehringer-tiefbau.de\/start\/wp-json\/wp\/v2\/comments?post=568"}],"version-history":[{"count":37,"href":"https:\/\/gehringer-tiefbau.de\/start\/wp-json\/wp\/v2\/pages\/568\/revisions"}],"predecessor-version":[{"id":2186,"href":"https:\/\/gehringer-tiefbau.de\/start\/wp-json\/wp\/v2\/pages\/568\/revisions\/2186"}],"wp:attachment":[{"href":"https:\/\/gehringer-tiefbau.de\/start\/wp-json\/wp\/v2\/media?parent=568"}],"curies":[{"name":"wp","href":"https:\/\/api.w.org\/{rel}","templated":true}]}}